{"id":7425,"date":"2025-09-19T15:09:34","date_gmt":"2025-09-19T15:09:34","guid":{"rendered":"https:\/\/agi.pt\/politica-de-privacidad\/"},"modified":"2026-03-10T17:58:44","modified_gmt":"2026-03-10T17:58:44","slug":"politica-de-privacidad","status":"publish","type":"page","link":"https:\/\/agi.pt\/es\/politica-de-privacidad\/","title":{"rendered":"Pol\u00edtica de Privacidad"},"content":{"rendered":"\t\t<div data-elementor-type=\"wp-page\" data-elementor-id=\"7425\" class=\"elementor elementor-7425 elementor-3\" data-elementor-post-type=\"page\">\n\t\t\t\t<div data-dce-background-overlay-color=\"#17264400\" data-dce-background-image-url=\"https:\/\/agi.pt\/wp-content\/uploads\/2026\/02\/agi-fachada-4-2048x1366.jpg\" class=\"elementor-element elementor-element-7755642 e-flex e-con-boxed e-con e-parent\" data-id=\"7755642\" data-element_type=\"container\" data-e-type=\"container\" data-settings=\"{&quot;background_background&quot;:&quot;classic&quot;}\">\n\t\t\t\t\t<div class=\"e-con-inner\">\n\t\t<div class=\"elementor-element elementor-element-44a587f e-con-full e-flex e-con e-child\" data-id=\"44a587f\" data-element_type=\"container\" data-e-type=\"container\">\n\t\t\t\t<div class=\"elementor-element elementor-element-5998c8d elementor-invisible elementor-widget elementor-widget-ucaddon_breadcrumbs_widget\" data-id=\"5998c8d\" data-element_type=\"widget\" data-e-type=\"widget\" data-settings=\"{&quot;_animation&quot;:&quot;fadeIn&quot;}\" data-widget_type=\"ucaddon_breadcrumbs_widget.default\">\n\t\t\t\t<div class=\"elementor-widget-container\">\n\t\t\t\t\t\n<!-- start Breadcrumbs -->\n\t\t<link id='font-awesome-css' href='https:\/\/agi.pt\/wp-content\/plugins\/unlimited-elements-for-elementor-premium\/assets_libraries\/font-awesome6\/fontawesome-all.min.css' type='text\/css' rel='stylesheet' >\n\t\t<link id='font-awesome-4-shim-css' href='https:\/\/agi.pt\/wp-content\/plugins\/unlimited-elements-for-elementor-premium\/assets_libraries\/font-awesome6\/fontawesome-v4-shims.min.css' type='text\/css' rel='stylesheet' >\n\n<style>\/* widget: Breadcrumbs *\/\n\n#uc_breadcrumbs_widget_elementor_5998c8d .uc-breadcrumbs-list {\n  margin: 0;\n  padding: 0;\n  display: flex;\n  flex-wrap: wrap;\n}\n#uc_breadcrumbs_widget_elementor_5998c8d .uc-breadcrumbs-list li {\n  display: flex;\n  align-items: center;\n  list-style-type: none;\n}\n#uc_breadcrumbs_widget_elementor_5998c8d .uc-item-title {\n    position: relative;\n    display: inline-flex;\n    justify-content: center;\n    align-items: center;\n}\n#uc_breadcrumbs_widget_elementor_5998c8d .uc-item-title-inner{\n  display: flex;\n  align-items: center;\n}\n\n\n\n\n\n\n\n<\/style>\n\n\n    \t\n            <div id=\"uc_breadcrumbs_widget_elementor_5998c8d\" class=\"uc-breadcrumbs\">\n            <ul class=\"uc-breadcrumbs-list default\">\n                                                            <li class=\"uc-breadcrumb-item\">\n                            <a href=\"https:\/\/agi.pt\/es\/\" class=\"uc-item-title\">\n                              <span class=\"uc-item-title-inner\">\n                                                                                                Home\n                              <\/span>\n                            <\/a>\n                                                    <\/li>              \t\t    \n                                                <\/ul>\n        <\/div>\n\n            \n<!-- end Breadcrumbs -->\t\t\t\t<\/div>\n\t\t\t\t<\/div>\n\t\t\t\t<\/div>\n\t\t<div class=\"elementor-element elementor-element-b29a353 e-con-full e-flex e-con e-child\" data-id=\"b29a353\" data-element_type=\"container\" data-e-type=\"container\">\n\t\t\t\t<div data-dce-title-color=\"#FFFFFF\" class=\"elementor-element elementor-element-d46bd2f elementor-invisible elementor-widget elementor-widget-heading\" data-id=\"d46bd2f\" data-element_type=\"widget\" data-e-type=\"widget\" data-settings=\"{&quot;_animation&quot;:&quot;fadeInUp&quot;}\" data-widget_type=\"heading.default\">\n\t\t\t\t\t<h1 class=\"elementor-heading-title elementor-size-default\">Pol\u00edtica de Privacidad y Cookies<\/h1>\t\t\t\t<\/div>\n\t\t\t\t<\/div>\n\t\t\t\t\t<\/div>\n\t\t\t\t<\/div>\n\t\t<div class=\"elementor-element elementor-element-49a2c5f1 e-flex e-con-boxed e-con e-parent\" data-id=\"49a2c5f1\" data-element_type=\"container\" data-e-type=\"container\">\n\t\t\t\t\t<div class=\"e-con-inner\">\n\t\t<div class=\"elementor-element elementor-element-9c8b2a6 e-con-full e-flex e-con e-child\" data-id=\"9c8b2a6\" data-element_type=\"container\" data-e-type=\"container\">\n\t\t\t\t<div data-dce-title-color=\"#FFFFFF\" class=\"elementor-element elementor-element-4d8fd74 elementor-invisible elementor-widget elementor-widget-heading\" data-id=\"4d8fd74\" data-element_type=\"widget\" data-e-type=\"widget\" data-settings=\"{&quot;_animation&quot;:&quot;fadeInUp&quot;}\" data-widget_type=\"heading.default\">\n\t\t\t\t\t<h2 class=\"elementor-heading-title elementor-size-default\">Privacidad<\/h2>\t\t\t\t<\/div>\n\t\t\t\t<div class=\"elementor-element elementor-element-7455b901 elementor-widget__width-initial elementor-invisible elementor-widget elementor-widget-text-editor\" data-id=\"7455b901\" data-element_type=\"widget\" data-e-type=\"widget\" data-settings=\"{&quot;_animation&quot;:&quot;fadeInUp&quot;}\" data-widget_type=\"text-editor.default\">\n\t\t\t\t\t\t\t\t\t\n<p>Los datos personales recopilados ser\u00e1n tratados por Augusto Guimar\u00e3es &amp; Irm\u00e3o, Lda., con sede en Avenida dos Combatentes do Ultramar Portugu\u00eas, n\u00ba 1001, 4405-638 Vila Nova de Gaia, NIPC y registro 500033307 y correo electr\u00f3nico <a href=\"mailto:geral@agi.pt\">geral@agi.pt<\/a> , como entidad responsable del tratamiento de datos personales.<\/p>\n<p>A informa\u00e7\u00e3o que o titular dos dados disponibiliza \u00e0 AGI ser\u00e1 tratada de forma confidencial e utilizada para os efeitos de (i) envio de Newsletter e comunica\u00e7\u00f5es promocionais relativas a produtos da AGI, bem como envio de convites para eventos, confer\u00eancias, lan\u00e7amentos e publica\u00e7\u00f5es, seja por SMS ou por email; (ii) envio de an\u00fancios, campanhas e comunica\u00e7\u00f5es promocionais, atrav\u00e9s dos mesmos meios, ajustadas aos seus interesses e prefer\u00eancias, apurados com base na an\u00e1lise do seu hist\u00f3rico de transa\u00e7\u00f5es junto da AGI.  <\/p>\n<p>La informaci\u00f3n proporcionada a AGI por el titular de los datos ser\u00e1 tratada de forma confidencial y utilizada para:<br>(i) el env\u00edo de newsletters y comunicaciones promocionales relacionadas con productos de AGI, as\u00ed como invitaciones a eventos, conferencias, lanzamientos y publicaciones, por SMS o correo electr\u00f3nico;<br>(ii) el env\u00edo de anuncios, campa\u00f1as y comunicaciones promocionales\u2014por los mismos medios\u2014adaptadas a sus intereses y preferencias, basadas en el an\u00e1lisis de su historial de transacciones con AGI.<br>AGI podr\u00e1 transmitir sus datos a entidades subcontratadas para los fines mencionados, seg\u00fan los contratos celebrados con ellas. AGI solo utiliza subencargados que garanticen medidas t\u00e9cnicas y organizativas adecuadas para la protecci\u00f3n de sus datos, asegurando la defensa de sus derechos conforme a la legislaci\u00f3n aplicable. <\/p>\n<p>Adem\u00e1s, sus datos personales podr\u00e1n ser comunicados a las autoridades competentes seg\u00fan lo establecido por la ley.<\/p>\n<p>Si sus datos personales se transfieren a un tercer pa\u00eds (fuera de la Uni\u00f3n Europea), AGI garantizar\u00e1 que dichas transferencias solo se realicen a pa\u00edses que aseguren un nivel de protecci\u00f3n esencialmente equivalente, seg\u00fan una decisi\u00f3n de adecuaci\u00f3n de la Comisi\u00f3n Europea, o que se hayan implementado garant\u00edas adecuadas para la protecci\u00f3n de sus datos.<\/p>\n<p>Sus datos personales se conservar\u00e1n mientras desee recibir dichas comunicaciones y no retire su consentimiento.<\/p>\n<p>De acuerdo con la legislaci\u00f3n aplicable, puede solicitar en cualquier momento el acceso a sus datos personales, as\u00ed como su rectificaci\u00f3n, eliminaci\u00f3n, limitaci\u00f3n del tratamiento, portabilidad u oponerse al tratamiento, directamente a trav\u00e9s de <a href=\"mailto:dados@agi.pt\">dados@agi.pt<\/a>.<\/p>\n<p>Tambi\u00e9n podr\u00e1 retirar su consentimiento para el tratamiento de datos para los fines indicados mediante el mismo correo electr\u00f3nico o siguiendo las instrucciones indicadas en cada comunicaci\u00f3n.<\/p>\n<p>Sin perjuicio de cualquier otro recurso administrativo o judicial, tiene derecho a presentar una reclamaci\u00f3n ante la CNPD u otra autoridad de control competente si considera que el tratamiento de sus datos por parte de AGI infringe la legislaci\u00f3n vigente.<\/p>\n<p>Puede contactar con AGI en g<a href=\"mailto:geral@agi.pt\">eral@agi.pt<\/a> o en el tel\u00e9fono +351 22 753 714 00.<\/p>\n<p>AGI podr\u00e1 modificar los t\u00e9rminos del tratamiento de datos personales incluidos en su Pol\u00edtica de Privacidad en cualquier momento. Dichas modificaciones ser\u00e1n debidamente publicadas en <a href=\"https:\/\/www.agi.pt\/politica-de-privacidade\">https:\/\/www.agi.pt\/politica-de-privacidade<\/a>. <\/p>\n<p>Si los cambios afectan significativamente a sus derechos o libertades, AGI le notificar\u00e1 utilizando los datos de contacto proporcionados.<\/p>\n<p>Fecha de la \u00faltima actualizaci\u00f3n: 19\/03\/2019<\/p>\t\t\t\t\t\t\t\t<\/div>\n\t\t\t\t<\/div>\n\t\t<div class=\"elementor-element elementor-element-ec43686 e-con-full e-flex e-con e-child\" data-id=\"ec43686\" data-element_type=\"container\" data-e-type=\"container\">\n\t\t\t\t<div data-dce-title-color=\"#FFFFFF\" class=\"elementor-element elementor-element-a9cb44e elementor-invisible elementor-widget elementor-widget-heading\" data-id=\"a9cb44e\" data-element_type=\"widget\" data-e-type=\"widget\" data-settings=\"{&quot;_animation&quot;:&quot;fadeInUp&quot;}\" data-widget_type=\"heading.default\">\n\t\t\t\t\t<h2 class=\"elementor-heading-title elementor-size-default\">Cookies<\/h2>\t\t\t\t<\/div>\n\t\t\t\t<div class=\"elementor-element elementor-element-e2e6bb9 elementor-widget__width-initial elementor-invisible elementor-widget elementor-widget-text-editor\" data-id=\"e2e6bb9\" data-element_type=\"widget\" data-e-type=\"widget\" data-settings=\"{&quot;_animation&quot;:&quot;fadeInUp&quot;}\" data-widget_type=\"text-editor.default\">\n\t\t\t\t\t\t\t\t\t<p><strong>\u00bfQu\u00e9 son las \u201ccookies\u201d?<\/strong><\/p><p>Las \u201ccookies\u201d son peque\u00f1os archivos de texto almacenados por su navegador (por ejemplo, Internet Explorer o Safari) en su ordenador o tel\u00e9fono m\u00f3vil. Permiten que los sitios web almacenen preferencias del usuario. Puede verlas como la \u201cmemoria\u201d de un sitio web, permitiendo reconocer a un usuario y responder adecuadamente.  <\/p><p><strong>\u00bfC\u00f3mo utiliza agi.pt las cookies?<\/strong><\/p><ul><li>Una visita a una p\u00e1gina de agi.pt puede generar los siguientes tipos de cookies:<\/li><li>Cookies de an\u00e1lisis an\u00f3nimo:<\/li><li>Cada vez que un usuario visita nuestro sitio, el software de an\u00e1lisis web de terceros genera una cookie de an\u00e1lisis an\u00f3nima.<\/li><li>Estas cookies pueden indicar si ha visitado el sitio anteriormente.<\/li><li>Si su navegador no contiene estas cookies, generamos nuevas.<\/li><li>Esto nos permite rastrear cu\u00e1ntos usuarios \u00fanicos tenemos y con qu\u00e9 frecuencia visitan el sitio.<\/li><li>Sesi\u00f3n PHP \u2018PHPSESSID\u2019: Esta cookie se utiliza para rastrear informaci\u00f3n l\u00f3gica esencial para el correcto funcionamiento del sitio web.<\/li><\/ul><p><strong>Cookies de terceros en redes sociales:<\/strong><\/p><p>Para enriquecer el contenido de nuestro sitio, a veces podemos incorporar v\u00eddeos de plataformas como YouTube o Facebook. Al visitar una p\u00e1gina con contenido integrado, puede recibir cookies de estos sitios. Agi.pt no tiene control ni responsabilidad sobre estas cookies; consulte la pol\u00edtica de cookies del tercero correspondiente.  <\/p><p>Tambi\u00e9n ofrecemos un widget de \u201ccompartir p\u00e1gina\u201d en algunas p\u00e1ginas, para compartir contenido en Facebook, Twitter, Delicious y Digg. Estos sitios pueden definir cookies cuando est\u00e1 conectado a su servicio. Agi.pt no tiene control ni responsabilidad sobre estas cookies; consulte la pol\u00edtica de cookies del tercero correspondiente.  <\/p><p><strong>\u00bfC\u00f3mo desactivo las cookies?<\/strong><\/p><p>Generalmente, es posible evitar que su navegador acepte cookies, ya sea de todos los sitios o de uno espec\u00edfico. Sin embargo, desactivar las cookies puede afectar el funcionamiento del sitio (por ejemplo, no sabremos si est\u00e1 conectado y no podr\u00e1 publicar comentarios). <\/p><p>Todos los navegadores modernos permiten modificar las configuraciones de cookies, normalmente en el men\u00fa de \u201copciones\u201d o \u201cpreferencias\u201d. <\/p>\t\t\t\t\t\t\t\t<\/div>\n\t\t\t\t<\/div>\n\t\t\t\t\t<\/div>\n\t\t\t\t<\/div>\n\t\t\t\t<\/div>\n\t\t","protected":false},"excerpt":{"rendered":"<p>Home Pol\u00edtica de Privacidad y Cookies Privacidad Los datos personales recopilados ser\u00e1n tratados por Augusto Guimar\u00e3es &amp; Irm\u00e3o, Lda., con sede en Avenida dos Combatentes do Ultramar Portugu\u00eas, n\u00ba 1001, 4405-638 Vila Nova de Gaia, NIPC y registro 500033307 y correo electr\u00f3nico geral@agi.pt , como entidad responsable del tratamiento de datos personales. A informa\u00e7\u00e3o que [&hellip;]<\/p>\n","protected":false},"author":1,"featured_media":0,"parent":0,"menu_order":0,"comment_status":"closed","ping_status":"closed","template":"","meta":{"_acf_changed":false,"footnotes":""},"class_list":["post-7425","page","type-page","status-publish","hentry"],"acf":[],"_links":{"self":[{"href":"https:\/\/agi.pt\/es\/wp-json\/wp\/v2\/pages\/7425","targetHints":{"allow":["GET"]}}],"collection":[{"href":"https:\/\/agi.pt\/es\/wp-json\/wp\/v2\/pages"}],"about":[{"href":"https:\/\/agi.pt\/es\/wp-json\/wp\/v2\/types\/page"}],"author":[{"embeddable":true,"href":"https:\/\/agi.pt\/es\/wp-json\/wp\/v2\/users\/1"}],"replies":[{"embeddable":true,"href":"https:\/\/agi.pt\/es\/wp-json\/wp\/v2\/comments?post=7425"}],"version-history":[{"count":0,"href":"https:\/\/agi.pt\/es\/wp-json\/wp\/v2\/pages\/7425\/revisions"}],"wp:attachment":[{"href":"https:\/\/agi.pt\/es\/wp-json\/wp\/v2\/media?parent=7425"}],"curies":[{"name":"wp","href":"https:\/\/api.w.org\/{rel}","templated":true}]}}