{"id":7127,"date":"2025-09-19T15:27:04","date_gmt":"2025-09-19T15:27:04","guid":{"rendered":"https:\/\/agi.pt\/terminos-y-condiciones\/"},"modified":"2026-03-03T18:01:12","modified_gmt":"2026-03-03T18:01:12","slug":"terminos-y-condiciones","status":"publish","type":"page","link":"https:\/\/agi.pt\/es\/terminos-y-condiciones\/","title":{"rendered":"T\u00e9rminos y Condiciones"},"content":{"rendered":"\t\t<div data-elementor-type=\"wp-page\" data-elementor-id=\"7127\" class=\"elementor elementor-7127 elementor-19\" data-elementor-post-type=\"page\">\n\t\t\t\t<div data-dce-background-overlay-color=\"#17264400\" data-dce-background-image-url=\"https:\/\/agi.pt\/wp-content\/uploads\/2026\/02\/agi-fachada-4-2048x1366.jpg\" class=\"elementor-element elementor-element-ec9c488 e-flex e-con-boxed e-con e-parent\" data-id=\"ec9c488\" data-element_type=\"container\" data-e-type=\"container\" data-settings=\"{&quot;background_background&quot;:&quot;classic&quot;}\">\n\t\t\t\t\t<div class=\"e-con-inner\">\n\t\t<div class=\"elementor-element elementor-element-737b4e0 e-con-full e-flex e-con e-child\" data-id=\"737b4e0\" data-element_type=\"container\" data-e-type=\"container\">\n\t\t\t\t<div class=\"elementor-element elementor-element-a044302 elementor-invisible elementor-widget elementor-widget-ucaddon_breadcrumbs_widget\" data-id=\"a044302\" data-element_type=\"widget\" data-e-type=\"widget\" data-settings=\"{&quot;_animation&quot;:&quot;fadeIn&quot;}\" data-widget_type=\"ucaddon_breadcrumbs_widget.default\">\n\t\t\t\t<div class=\"elementor-widget-container\">\n\t\t\t\t\t\n<!-- start Breadcrumbs -->\n\t\t<link id='font-awesome-css' href='https:\/\/agi.pt\/wp-content\/plugins\/unlimited-elements-for-elementor-premium\/assets_libraries\/font-awesome6\/fontawesome-all.min.css' type='text\/css' rel='stylesheet' >\n\t\t<link id='font-awesome-4-shim-css' href='https:\/\/agi.pt\/wp-content\/plugins\/unlimited-elements-for-elementor-premium\/assets_libraries\/font-awesome6\/fontawesome-v4-shims.min.css' type='text\/css' rel='stylesheet' >\n\n<style>\/* widget: Breadcrumbs *\/\n\n#uc_breadcrumbs_widget_elementor_a044302 .uc-breadcrumbs-list {\n  margin: 0;\n  padding: 0;\n  display: flex;\n  flex-wrap: wrap;\n}\n#uc_breadcrumbs_widget_elementor_a044302 .uc-breadcrumbs-list li {\n  display: flex;\n  align-items: center;\n  list-style-type: none;\n}\n#uc_breadcrumbs_widget_elementor_a044302 .uc-item-title {\n    position: relative;\n    display: inline-flex;\n    justify-content: center;\n    align-items: center;\n}\n#uc_breadcrumbs_widget_elementor_a044302 .uc-item-title-inner{\n  display: flex;\n  align-items: center;\n}\n\n\n\n\n\n\n\n<\/style>\n\n\n    \t\n            <div id=\"uc_breadcrumbs_widget_elementor_a044302\" class=\"uc-breadcrumbs\">\n            <ul class=\"uc-breadcrumbs-list default\">\n                                                            <li class=\"uc-breadcrumb-item\">\n                            <a href=\"https:\/\/agi.pt\/es\/\" class=\"uc-item-title\">\n                              <span class=\"uc-item-title-inner\">\n                                                                                                Home\n                              <\/span>\n                            <\/a>\n                                                    <\/li>              \t\t    \n                                                <\/ul>\n        <\/div>\n\n            \n<!-- end Breadcrumbs -->\t\t\t\t<\/div>\n\t\t\t\t<\/div>\n\t\t\t\t<\/div>\n\t\t<div class=\"elementor-element elementor-element-f0d06c7 e-con-full e-flex e-con e-child\" data-id=\"f0d06c7\" data-element_type=\"container\" data-e-type=\"container\">\n\t\t\t\t<div data-dce-title-color=\"#FFFFFF\" class=\"elementor-element elementor-element-e74a210 elementor-invisible elementor-widget elementor-widget-heading\" data-id=\"e74a210\" data-element_type=\"widget\" data-e-type=\"widget\" data-settings=\"{&quot;_animation&quot;:&quot;fadeInUp&quot;}\" data-widget_type=\"heading.default\">\n\t\t\t\t\t<h1 class=\"elementor-heading-title elementor-size-default\">T\u00e9rminos y Condiciones<\/h1>\t\t\t\t<\/div>\n\t\t\t\t<\/div>\n\t\t\t\t\t<\/div>\n\t\t\t\t<\/div>\n\t\t<div class=\"elementor-element elementor-element-429fb6e e-flex e-con-boxed e-con e-parent\" data-id=\"429fb6e\" data-element_type=\"container\" data-e-type=\"container\">\n\t\t\t\t\t<div class=\"e-con-inner\">\n\t\t<div class=\"elementor-element elementor-element-f66b372 e-con-full e-flex e-con e-child\" data-id=\"f66b372\" data-element_type=\"container\" data-e-type=\"container\">\n\t\t\t\t<div data-dce-title-color=\"#FFFFFF\" class=\"elementor-element elementor-element-6f27f48 elementor-invisible elementor-widget elementor-widget-heading\" data-id=\"6f27f48\" data-element_type=\"widget\" data-e-type=\"widget\" data-settings=\"{&quot;_animation&quot;:&quot;fadeInUp&quot;}\" data-widget_type=\"heading.default\">\n\t\t\t\t\t<h2 class=\"elementor-heading-title elementor-size-default\">Condiciones generales de AGI<\/h2>\t\t\t\t<\/div>\n\t\t\t\t<div class=\"elementor-element elementor-element-92dc0e4 elementor-widget__width-initial elementor-widget elementor-widget-text-editor\" data-id=\"92dc0e4\" data-element_type=\"widget\" data-e-type=\"widget\" data-widget_type=\"text-editor.default\">\n\t\t\t\t\t\t\t\t\t<p><strong>Al acceder al sitio web de AGI o a cualquier contenido que en \u00e9l se encuentre, el usuario acepta los t\u00e9rminos y condiciones que se presentan a continuaci\u00f3n.<\/strong><\/p>\n<p>Los contenidos y el dise\u00f1o de este sitio son propiedad de AGI. Todos los derechos est\u00e1n reservados. Cualquier contenido o material incluido en las p\u00e1ginas de este portal est\u00e1 protegido nacional e internacionalmente por las disposiciones aplicables en materia de derechos de autor y propiedad industrial, por lo que cualquier uso de dichos materiales solo podr\u00e1 realizarse con autorizaci\u00f3n de la empresa.  <\/p>\n<p>Este sitio web contiene hiperv\u00ednculos a sitios de terceros. AGI no tiene ninguna influencia sobre el dise\u00f1o ni los contenidos de estos sitios web y, por ello, no ofrece ning\u00fan tipo de garant\u00eda sobre la exactitud, actualidad o integridad de la informaci\u00f3n disponible en dichos sitios web y\/o contenidos. <\/p>\n<p>La informaci\u00f3n obtenida de este portal no puede ser alterada ni distorsionada. AGI declina cualquier responsabilidad por su uso indebido. <\/p>\n<p>En cualquier momento, AGI se reserva el derecho de modificar, sin previo aviso, la presentaci\u00f3n, estructura y contenidos, as\u00ed como las condiciones de uso de este sitio, siendo dichos cambios debidamente publicados en el presente sitio web.<\/p>\n<p>AGI declina cualquier responsabilidad por posibles da\u00f1os o problemas que puedan surgir como consecuencia del uso de este sitio web o de cualquier otro servicio o sitio web externo vinculado al mismo.<\/p>\t\t\t\t\t\t\t\t<\/div>\n\t\t\t\t<\/div>\n\t\t\t\t\t<\/div>\n\t\t\t\t<\/div>\n\t\t\t\t<\/div>\n\t\t","protected":false},"excerpt":{"rendered":"<p>Home T\u00e9rminos y Condiciones Condiciones generales de AGI Al acceder al sitio web de AGI o a cualquier contenido que en \u00e9l se encuentre, el usuario acepta los t\u00e9rminos y condiciones que se presentan a continuaci\u00f3n. Los contenidos y el dise\u00f1o de este sitio son propiedad de AGI. Todos los derechos est\u00e1n reservados. Cualquier contenido [&hellip;]<\/p>\n","protected":false},"author":1,"featured_media":0,"parent":0,"menu_order":0,"comment_status":"closed","ping_status":"closed","template":"","meta":{"_acf_changed":false,"footnotes":""},"class_list":["post-7127","page","type-page","status-publish","hentry"],"acf":[],"_links":{"self":[{"href":"https:\/\/agi.pt\/es\/wp-json\/wp\/v2\/pages\/7127","targetHints":{"allow":["GET"]}}],"collection":[{"href":"https:\/\/agi.pt\/es\/wp-json\/wp\/v2\/pages"}],"about":[{"href":"https:\/\/agi.pt\/es\/wp-json\/wp\/v2\/types\/page"}],"author":[{"embeddable":true,"href":"https:\/\/agi.pt\/es\/wp-json\/wp\/v2\/users\/1"}],"replies":[{"embeddable":true,"href":"https:\/\/agi.pt\/es\/wp-json\/wp\/v2\/comments?post=7127"}],"version-history":[{"count":0,"href":"https:\/\/agi.pt\/es\/wp-json\/wp\/v2\/pages\/7127\/revisions"}],"wp:attachment":[{"href":"https:\/\/agi.pt\/es\/wp-json\/wp\/v2\/media?parent=7127"}],"curies":[{"name":"wp","href":"https:\/\/api.w.org\/{rel}","templated":true}]}}