{"id":7424,"date":"2025-09-19T15:09:34","date_gmt":"2025-09-19T15:09:34","guid":{"rendered":"https:\/\/agi.pt\/privacy-policy\/"},"modified":"2026-03-10T18:00:13","modified_gmt":"2026-03-10T18:00:13","slug":"privacy-policy","status":"publish","type":"page","link":"https:\/\/agi.pt\/en\/privacy-policy\/","title":{"rendered":"Privacy Policy"},"content":{"rendered":"\t\t<div data-elementor-type=\"wp-page\" data-elementor-id=\"7424\" class=\"elementor elementor-7424 elementor-3\" data-elementor-post-type=\"page\">\n\t\t\t\t<div data-dce-background-overlay-color=\"#17264400\" data-dce-background-image-url=\"https:\/\/agi.pt\/wp-content\/uploads\/2026\/02\/agi-fachada-4-2048x1366.jpg\" class=\"elementor-element elementor-element-7755642 e-flex e-con-boxed e-con e-parent\" data-id=\"7755642\" data-element_type=\"container\" data-e-type=\"container\" data-settings=\"{&quot;background_background&quot;:&quot;classic&quot;}\">\n\t\t\t\t\t<div class=\"e-con-inner\">\n\t\t<div class=\"elementor-element elementor-element-44a587f e-con-full e-flex e-con e-child\" data-id=\"44a587f\" data-element_type=\"container\" data-e-type=\"container\">\n\t\t\t\t<div class=\"elementor-element elementor-element-5998c8d elementor-invisible elementor-widget elementor-widget-ucaddon_breadcrumbs_widget\" data-id=\"5998c8d\" data-element_type=\"widget\" data-e-type=\"widget\" data-settings=\"{&quot;_animation&quot;:&quot;fadeIn&quot;}\" data-widget_type=\"ucaddon_breadcrumbs_widget.default\">\n\t\t\t\t<div class=\"elementor-widget-container\">\n\t\t\t\t\t\n<!-- start Breadcrumbs -->\n\t\t<link id='font-awesome-css' href='https:\/\/agi.pt\/wp-content\/plugins\/unlimited-elements-for-elementor-premium\/assets_libraries\/font-awesome6\/fontawesome-all.min.css' type='text\/css' rel='stylesheet' >\n\t\t<link id='font-awesome-4-shim-css' href='https:\/\/agi.pt\/wp-content\/plugins\/unlimited-elements-for-elementor-premium\/assets_libraries\/font-awesome6\/fontawesome-v4-shims.min.css' type='text\/css' rel='stylesheet' >\n\n<style>\/* widget: Breadcrumbs *\/\n\n#uc_breadcrumbs_widget_elementor_5998c8d .uc-breadcrumbs-list {\n  margin: 0;\n  padding: 0;\n  display: flex;\n  flex-wrap: wrap;\n}\n#uc_breadcrumbs_widget_elementor_5998c8d .uc-breadcrumbs-list li {\n  display: flex;\n  align-items: center;\n  list-style-type: none;\n}\n#uc_breadcrumbs_widget_elementor_5998c8d .uc-item-title {\n    position: relative;\n    display: inline-flex;\n    justify-content: center;\n    align-items: center;\n}\n#uc_breadcrumbs_widget_elementor_5998c8d .uc-item-title-inner{\n  display: flex;\n  align-items: center;\n}\n\n\n\n\n\n\n\n<\/style>\n\n\n    \t\n            <div id=\"uc_breadcrumbs_widget_elementor_5998c8d\" class=\"uc-breadcrumbs\">\n            <ul class=\"uc-breadcrumbs-list default\">\n                                                            <li class=\"uc-breadcrumb-item\">\n                            <a href=\"https:\/\/agi.pt\/en\/\" class=\"uc-item-title\">\n                              <span class=\"uc-item-title-inner\">\n                                                                                                Home\n                              <\/span>\n                            <\/a>\n                                                    <\/li>              \t\t    \n                                                <\/ul>\n        <\/div>\n\n            \n<!-- end Breadcrumbs -->\t\t\t\t<\/div>\n\t\t\t\t<\/div>\n\t\t\t\t<\/div>\n\t\t<div class=\"elementor-element elementor-element-b29a353 e-con-full e-flex e-con e-child\" data-id=\"b29a353\" data-element_type=\"container\" data-e-type=\"container\">\n\t\t\t\t<div data-dce-title-color=\"#FFFFFF\" class=\"elementor-element elementor-element-d46bd2f elementor-invisible elementor-widget elementor-widget-heading\" data-id=\"d46bd2f\" data-element_type=\"widget\" data-e-type=\"widget\" data-settings=\"{&quot;_animation&quot;:&quot;fadeInUp&quot;}\" data-widget_type=\"heading.default\">\n\t\t\t\t\t<h1 class=\"elementor-heading-title elementor-size-default\">Pol\u00edtica de Privacidade &amp; Cookies<\/h1>\t\t\t\t<\/div>\n\t\t\t\t<\/div>\n\t\t\t\t\t<\/div>\n\t\t\t\t<\/div>\n\t\t<div class=\"elementor-element elementor-element-49a2c5f1 e-flex e-con-boxed e-con e-parent\" data-id=\"49a2c5f1\" data-element_type=\"container\" data-e-type=\"container\">\n\t\t\t\t\t<div class=\"e-con-inner\">\n\t\t<div class=\"elementor-element elementor-element-9c8b2a6 e-con-full e-flex e-con e-child\" data-id=\"9c8b2a6\" data-element_type=\"container\" data-e-type=\"container\">\n\t\t\t\t<div data-dce-title-color=\"#FFFFFF\" class=\"elementor-element elementor-element-4d8fd74 elementor-invisible elementor-widget elementor-widget-heading\" data-id=\"4d8fd74\" data-element_type=\"widget\" data-e-type=\"widget\" data-settings=\"{&quot;_animation&quot;:&quot;fadeInUp&quot;}\" data-widget_type=\"heading.default\">\n\t\t\t\t\t<h2 class=\"elementor-heading-title elementor-size-default\">Privacy<\/h2>\t\t\t\t<\/div>\n\t\t\t\t<div class=\"elementor-element elementor-element-7455b901 elementor-widget__width-initial elementor-invisible elementor-widget elementor-widget-text-editor\" data-id=\"7455b901\" data-element_type=\"widget\" data-e-type=\"widget\" data-settings=\"{&quot;_animation&quot;:&quot;fadeInUp&quot;}\" data-widget_type=\"text-editor.default\">\n\t\t\t\t\t\t\t\t\t\n<p>The personal data collected will be processed by Augusto Guimar\u00e3es &amp; Irm\u00e3o, Lda., headquartered at Avenida dos Combatentes do Ultramar Portugu\u00eas, n\u00ba 1001, 4405-638 Vila Nova de Gaia, with tax ID and registration number 500033307 and email <a href=\"mailto:geral@agi.pt\">geral@agi.pt<\/a> , as the entity responsible for processing personal data.<\/p>\n<p>The personal data collected will be processed by Augusto Guimar\u00e3es &amp; Irm\u00e3o, Lda., headquartered at Avenida dos Combatentes do Ultramar Portugu\u00eas, n\u00ba 1001, 4405-638 Vila Nova de Gaia, with tax ID and registration number 500033307 and email geral@agi.pt, as the entity responsible for processing personal data.The information provided to AGI by the data subject will be treated confidentially and used for the purposes of: <br>(i) sending newsletters and promotional communications related to AGI products, as well as invitations to events, conferences, launches and publications, either via SMS or email;<br>(ii) sending ads, campaigns and promotional communications\u2014through the same channels\u2014tailored to their interests and preferences, based on the analysis of their transaction history with AGI.  <\/p>\n<p>AGI may disclose your data to subcontracted entities for the aforementioned purposes, under the terms of the agreements established with them. AGI only uses processors that ensure the implementation of appropriate technical and organizational measures to protect your data, ensuring your rights under the applicable data protection laws. <\/p>\n<p>Additionally, your personal data may be communicated to competent authorities as required by law.<\/p>\n<p>If your personal data is transferred to a third country (i.e., outside the European Union), AGI will ensure that such transfers only occur to countries offering an essentially equivalent level of protection according to a European Commission adequacy decision, or that appropriate safeguards have otherwise been implemented.<\/p>\n<p>Your personal data will be retained for as long as you wish to continue receiving such communications and do not withdraw your consent.<\/p>\n<p>Under applicable law, you may, at any time, request access to your personal data, as well as its rectification, deletion, restriction of processing, data portability, or object to its processing, directly via <a href=\"mailto:dados@agi.pt\">dados@agi.pt.<\/a><\/p>\n<p>You may also withdraw your consent for data processing for the indicated purposes through the same email address or by following the instructions included in each communication.<\/p>\n<p>Without prejudice to any other administrative or judicial remedy, you have the right to lodge a complaint with the CNPD or another competent supervisory authority if you believe AGI\u2019s processing of your data violates the applicable legal framework.<\/p>\n<p>You may contact AGI at <a href=\"mailto:geral@agi.pt\">geral@agi.pt<\/a> or +351 22 753 714 00.<\/p>\n<p>AGI may amend the terms of personal data processing included in its Privacy Policy at any time. These changes will be duly published on <a href=\"https:\/\/www.agi.pt\/politica-de-privacidade\">https:\/\/www.agi.pt\/politica-de-privacidade<\/a> .<br>If the changes substantially impact your rights and freedoms, AGI will notify you using the contact details you have provided. <\/p>\n<p>Caso as altera\u00e7\u00f5es tenham um impacto substancial nos seus direitos e liberdades, a AGI notific\u00e1-lo-\u00e1 dessas altera\u00e7\u00f5es atrav\u00e9s dos dados de contacto que nos tenha disponibilizado.<\/p>\n<p>Last updated: 19\/03\/2019<\/p>\t\t\t\t\t\t\t\t<\/div>\n\t\t\t\t<\/div>\n\t\t<div class=\"elementor-element elementor-element-ec43686 e-con-full e-flex e-con e-child\" data-id=\"ec43686\" data-element_type=\"container\" data-e-type=\"container\">\n\t\t\t\t<div data-dce-title-color=\"#FFFFFF\" class=\"elementor-element elementor-element-a9cb44e elementor-invisible elementor-widget elementor-widget-heading\" data-id=\"a9cb44e\" data-element_type=\"widget\" data-e-type=\"widget\" data-settings=\"{&quot;_animation&quot;:&quot;fadeInUp&quot;}\" data-widget_type=\"heading.default\">\n\t\t\t\t\t<h2 class=\"elementor-heading-title elementor-size-default\">Cookies<\/h2>\t\t\t\t<\/div>\n\t\t\t\t<div class=\"elementor-element elementor-element-e2e6bb9 elementor-widget__width-initial elementor-invisible elementor-widget elementor-widget-text-editor\" data-id=\"e2e6bb9\" data-element_type=\"widget\" data-e-type=\"widget\" data-settings=\"{&quot;_animation&quot;:&quot;fadeInUp&quot;}\" data-widget_type=\"text-editor.default\">\n\t\t\t\t\t\t\t\t\t<p><strong>What are cookies?<\/strong><\/p><p>\u201cCookies\u201d are small text files stored by your browser (e.g., Internet Explorer or Safari) on your computer or mobile phone. They allow websites to store user preferences. You can think of cookies as a website\u2019s \u201cmemory,\u201d enabling it to recognize a user and respond accordingly.  <\/p><p><strong>How does agi.pt use cookies?<\/strong><\/p><ul><li>A visit to any page on agi.pt may generate the following types of cookies:<\/li><li>Anonymous analytics cookies:<\/li><li>Whenever a user visits our site, third\u2011party web analytics software generates an anonymous analytics cookie.<\/li><li>These cookies allow us to know whether you have visited the site before.<\/li><li>If your browser does not contain such cookies, new ones are created.<\/li><li>This helps us track how many unique users we have and how often they visit the site.<\/li><li>PHP Session \u2018PHPSESSID\u2019: This cookie is used to track essential logical information needed for the proper functioning of the website.<\/li><\/ul><p><strong>Third\u2011party social media cookies:<\/strong><\/p><p>To enrich our website content, we may occasionally embed video content from platforms like YouTube or Facebook. As a result, when visiting a page with embedded content, you may receive cookies from these sites. AGI.pt has no control or responsibility over these cookies; you should review the respective third\u2011party cookie policy.  <\/p><p>We also provide a \u201cshare page\u201d widget on some pages (Facebook, Twitter, Delicious, Digg). These services may set a cookie when you are logged into their platforms. AGI.pt has no control or responsibility over these cookies; please check the relevant third\u2011party cookie policy.  <\/p><p><strong>How do I disable cookies?<\/strong><\/p><p>You can generally stop your browser from accepting cookies, or stop it from accepting cookies from a specific website. However, disabling cookies may affect website functionality\u2014for example, we cannot know if you are logged in without cookies, so you may be unable to post comments. <\/p><p>All modern browsers allow cookie settings to be changed, usually found in the \u201coptions\u201d or \u201cpreferences\u201d menu. <\/p>\t\t\t\t\t\t\t\t<\/div>\n\t\t\t\t<\/div>\n\t\t\t\t\t<\/div>\n\t\t\t\t<\/div>\n\t\t\t\t<\/div>\n\t\t","protected":false},"excerpt":{"rendered":"<p>Home Pol\u00edtica de Privacidade &amp; Cookies Privacy The personal data collected will be processed by Augusto Guimar\u00e3es &amp; Irm\u00e3o, Lda., headquartered at Avenida dos Combatentes do Ultramar Portugu\u00eas, n\u00ba 1001, 4405-638 Vila Nova de Gaia, with tax ID and registration number 500033307 and email geral@agi.pt , as the entity responsible for processing personal data. The [&hellip;]<\/p>\n","protected":false},"author":1,"featured_media":0,"parent":0,"menu_order":0,"comment_status":"closed","ping_status":"closed","template":"","meta":{"_acf_changed":false,"footnotes":""},"class_list":["post-7424","page","type-page","status-publish","hentry"],"acf":[],"_links":{"self":[{"href":"https:\/\/agi.pt\/en\/wp-json\/wp\/v2\/pages\/7424","targetHints":{"allow":["GET"]}}],"collection":[{"href":"https:\/\/agi.pt\/en\/wp-json\/wp\/v2\/pages"}],"about":[{"href":"https:\/\/agi.pt\/en\/wp-json\/wp\/v2\/types\/page"}],"author":[{"embeddable":true,"href":"https:\/\/agi.pt\/en\/wp-json\/wp\/v2\/users\/1"}],"replies":[{"embeddable":true,"href":"https:\/\/agi.pt\/en\/wp-json\/wp\/v2\/comments?post=7424"}],"version-history":[{"count":0,"href":"https:\/\/agi.pt\/en\/wp-json\/wp\/v2\/pages\/7424\/revisions"}],"wp:attachment":[{"href":"https:\/\/agi.pt\/en\/wp-json\/wp\/v2\/media?parent=7424"}],"curies":[{"name":"wp","href":"https:\/\/api.w.org\/{rel}","templated":true}]}}